{"id":26372,"date":"2023-07-14T11:46:57","date_gmt":"2023-07-14T09:46:57","guid":{"rendered":"https:\/\/www.eurokadra.com\/freelancer\/"},"modified":"2026-01-21T13:32:42","modified_gmt":"2026-01-21T12:32:42","slug":"freelancer","status":"publish","type":"page","link":"https:\/\/www.eurokadra.com\/de\/freelancer\/","title":{"rendered":"Freelancer"},"content":{"rendered":"<h2>Rekrutuj z nami<\/h2>\n<h2>Na Freelansie<\/h2>\n<p>Je\u015bli marzysz o pracy, kt\u00f3ra zapewni Ci niezale\u017cno\u015b\u0107, satysfakcj\u0119 zawodow\u0105 i szans\u0119 na rozw\u00f3j, to praca jako Rekruter Freelancer jest idealnym rozwi\u0105zaniem dla Ciebie! Do\u0142\u0105cz do nas ju\u017c dzi\u015b i otw\u00f3rz drzwi do nowych, ekscytuj\u0105cych mo\u017cliwo\u015bci zawodowych.<\/p>\n<p style=\"text-align: center;\"><a data-hotips-content=\"#hotip-content-d0191c9_9b8e191\" data-hotips-class=\"ee-global ee-tooltip ee-tooltip-d0191c9\" data-hotips-position=\"\" data-hotips-arrow-position-h=\"\" data-hotips-arrow-position-v=\"\">Czytaj dalej poni\u017cej<br \/>\n<\/a><\/p>\n<h2>Rekruter &#8211; Freelancer<\/h2>\n<p>Eurokadra to nowoczesna agencja pracy z siedzib\u0105 w Katowicach. Nasza firma zyska\u0142a uznanie na rynku dzi\u0119ki wypracowaniu w\u0142asnego, unikalnego modelu dzia\u0142alno\u015bci opartego na wzajemnym zaufaniu, etyce oraz pe\u0142nym zaanga\u017cowaniu w wykonywan\u0105 prac\u0119. Nasze cele zawsze \u015bci\u015ble koresponduj\u0105 z celami naszych Klient\u00f3w, dlatego nadrz\u0119dnym celem Eurokadra jest budowanie d\u0142ugotrwa\u0142ych i owocnych relacji zar\u00f3wno z Klientami, jak i Pracownikami.<\/p>\n<p><b style=\"color: var(--black); font-size: 17px;\">Eurokadra \u2014 to do\u015bwiadczony partner w bran\u017cy HR.<\/b><b><br \/>\n<\/b>Wsp\u00f3\u0142praca z Eurokadra to nie tylko znalezienie idealnego pracownika czy idealnej pracy &#8211; to wyj\u0105tkowe do\u015bwiadczenie, kt\u00f3re pozwala nam budowa\u0107 trwa\u0142e wi\u0119zi z naszymi Klientami i Pracownikami. D\u0105\u017cymy do tego, aby ka\u017cdy krok naszej wsp\u00f3\u0142pracy by\u0142 oparty na wzajemnym szacunku, otwarto\u015bci i transparentno\u015bci.<\/p>\n<p><img decoding=\"async\" class=\"w-100 h-auto alignnone\" src=\"http:\/\/www.eurokadra.com\/wp-content\/uploads\/2023\/07\/rekruter.webp\" alt=\"rekruter\" width=\"940\" height=\"788\" title=\"\"><\/p>\n<h3 style=\"text-align: left;\"><b>Jest to praca dla ciebie je\u015bli:<\/b><\/h3>\n<ul style=\"text-align: left;\">\n<li style=\"text-align: left;\">cenisz sobie niezale\u017cno\u015b\u0107 i samodzielno\u015b\u0107 w dzia\u0142aniu wiedz\u0105c, \u017ce najwa\u017cniejsze s\u0105 efekty<\/li>\n<li style=\"text-align: left;\">jeste\u015b ukierunkowany na na osi\u0105gnie wysokich wynik\u00f3w<\/li>\n<li style=\"text-align: left;\">chcesz rozwija\u0107 swoj\u0105 mark\u0119 osobist\u0105 lub ju\u017c to robisz<\/li>\n<\/ul>\n<h3 style=\"text-align: left;\"><b>Co zyskujesz do\u0142\u0105czaj\u0105c do zespo\u0142u?<\/b><\/h3>\n<ul style=\"text-align: left;\">\n<li style=\"text-align: left;\">elastyczne zatrudnienie<\/li>\n<li style=\"text-align: left;\">atrakcyjne wynagrodzenie za ka\u017cd\u0105 zrekrutowan\u0105 osob\u0119<\/li>\n<li style=\"text-align: left;\">elastyczne godziny pracy<\/li>\n<li style=\"text-align: left;\">r\u00f3\u017cnorodno\u015b\u0107 projekt\u00f3w, nad kt\u00f3rymi pracujesz<\/li>\n<\/ul>\n<h3 style=\"text-align: left;\"><b>Jak do nas do\u0142\u0105czy\u0107?<\/b><\/h3>\n<ul style=\"text-align: left;\">\n<li style=\"text-align: left;\">Wy\u015blij aplikacj\u0119, kt\u00f3r\u0105 znajdziesz na dole strony \u2014 mo\u017cesz zrobi\u0107 to ju\u017c teraz!<\/li>\n<li style=\"text-align: left;\">Poczekaj na kontakt od naszego menago \ud83d\ude42<\/li>\n<li style=\"text-align: left;\">A przebieg ca\u0142ego procesu znajdziesz poni\u017cej \ud83d\ude09<\/li>\n<\/ul>\n<h3 style=\"text-align: left;\"><b>Je\u015bli chcesz dowiedzie\u0107 si\u0119 wi\u0119cej o naszej firmie mo\u017cesz zajrze\u0107 pod te linki:<\/b><\/h3>\n<ul>\n<li style=\"text-align: left;\"><a href=\"http:\/\/www.eurokadra.com\">Eurokadra Group<\/a> &#8211; poznaj nas bli\u017cej<\/li>\n<li style=\"text-align: left;\"><a href=\"https:\/\/www.europkadra.expert\" target=\"_blank\" rel=\"noopener\">Eurokadra Expert<\/a> \u2013 zadbaj\u0105 o Twoj\u0105 ksi\u0119gowo\u015b\u0107<\/li>\n<\/ul>\n<h2>Korzy\u015bci wsp\u00f3\u0142pracy z nami jako Rekruter &#8211; Freelancer<\/h2>\n<h3><strong>Niezale\u017cno\u015b\u0107 i elastyczno\u015b\u0107<\/strong><\/h3>\n<p>Jako Rekruter Freelancer masz pe\u0142n\u0105 kontrol\u0119 nad swoim czasem i miejscem pracy. Mo\u017cesz organizowa\u0107 sw\u00f3j dzie\u0144 zgodnie z preferencjami, pracowa\u0107 z domu, kawiarni czy z dowolnego zak\u0105tka \u015bwiata. To Ty ustalasz harmonogram, co pozwala Ci zr\u00f3wnowa\u017cy\u0107 \u017cycie zawodowe i prywatne.<\/p>\n<h3><strong style=\"color: var(--black); text-align: var(--bs-body-text-align);\">Brak sztywnych struktur<\/strong><\/h3>\n<p>Jako\u00a0 Rekruter Freelancer nie musisz podlega\u0107 sztywnym hierarchiom i biurokracji. To pozwala na wi\u0119ksz\u0105 swobod\u0119 w podejmowaniu decyzji i dzia\u0142aniu zgodnie ze swoimi warto\u015bciami.<\/p>\n<h3><strong>R\u00f3\u017cnorodno\u015b\u0107 projekt\u00f3w<\/strong><\/h3>\n<p>Pracuj\u0105c jako Rekruter Freelancer, nie musisz tkwi\u0107 w jednym schemacie. Mo\u017cesz pracowa\u0107 dla r\u00f3\u017cnych klient\u00f3w, bran\u017c i na r\u00f3\u017cnych stanowiskach. Ta r\u00f3\u017cnorodno\u015b\u0107 to szansa na ci\u0105g\u0142y rozw\u00f3j, zdobywanie nowych umiej\u0119tno\u015bci i poszerzanie swojej wiedzy.<\/p>\n<h3><strong>Personal branding<\/strong><\/h3>\n<p>Jako Rekruter Freelancer budujesz swoj\u0105 osobist\u0105 mark\u0119 w bran\u017cy. Udowadniaj\u0105c swoje umiej\u0119tno\u015bci, do\u015bwiadczenie i skuteczno\u015b\u0107, zyskujesz zaufanie klient\u00f3w i przyci\u0105gasz nowe projekty bez konieczno\u015bci aktywnego szukania pracy.<\/p>\n<h3><b>Atrakcyjne zarobki<\/b><\/h3>\n<p>Jeste\u015b rozliczony wg ilo\u015bci os\u00f3b zatrudnionych. Zatem Twoje wynagrodzenie i jego wysoko\u015b\u0107 zale\u017c\u0105 tylko i wy\u0142\u0105cznie od liczby zrekrutowanych os\u00f3b na dany projekt.<\/p>\n<h3><b>Samorealizacja<\/b><\/h3>\n<p>Bycie Rekruterem Freelancerem pozwala na realizacj\u0119 w\u0142asnych pasji i ambicji zawodowych. Mo\u017cesz wybiera\u0107 projekty, kt\u00f3re Ci\u0119 interesuj\u0105, co sprawia, \u017ce praca staje si\u0119 bardziej satysfakcjonuj\u0105ca i inspiruj\u0105ca.<br \/>\nTaka forma pracy stwarza wiele okazji do poznawania fascynuj\u0105cych ludzi i zdobywania unikalnych do\u015bwiadcze\u0144. B\u0119dziesz mia\u0142 szans\u0119 wsp\u00f3\u0142pracowa\u0107 z r\u00f3\u017cnymi lud\u017ami i pog\u0142\u0119bia\u0107 swoj\u0105 wiedz\u0119 na temat r\u00f3\u017cnych bran\u017c i trend\u00f3w rynkowych.<\/p>\n<h2>Proces rekrutacji<\/h2>\n<h2 style=\"text-align: center;\">1<\/h2>\n<h3 style=\"text-align: center;\">Wys\u0142anie zg\u0142oszenia<\/h3>\n<p style=\"text-align: center;\">Wy\u015blij nam swoj\u0105 aplikacj\u0119 &#8211; po przez formularz na dole tej strony<\/p>\n<h2 style=\"text-align: center;\">2<\/h2>\n<h3 style=\"text-align: center;\">Rozmowa telefoniczna<\/h3>\n<p style=\"text-align: center;\">Rekruter zadzwoni do Ciebie, aby przeprowadzi\u0107 rozmow\u0119 i um\u00f3wi\u0107 termin spotkania i odpowiedzie\u0107 na wszystkie Twoje pytania dotycz\u0105ce oferty pracy.<\/p>\n<h2 style=\"text-align: center;\">3<\/h2>\n<h3 style=\"text-align: center;\">Spotkanie online lub w siedzibie firmy<\/h3>\n<p style=\"text-align: center;\">Zaprosimy Ci\u0119 na kr\u00f3tk\u0105 rozmow\u0119 i praktyczne testy weryfikuj\u0105ce Twoje predyspozycje do pracy na danym stanowisku.<\/p>\n<h2 style=\"text-align: center;\">4<\/h2>\n<h3 style=\"text-align: center;\">Decyzja o wsp\u00f3\u0142pracy<\/h3>\n<p style=\"text-align: center;\">Przeka\u017cemy Ci ja w ci\u0105gu 7 dni roboczych po spotkaniu<\/p>\n<h2 style=\"text-align: center;\">5<\/h2>\n<h3 style=\"text-align: center;\">Formalno\u015bci<\/h3>\n<p style=\"text-align: center;\">Po otrzymaniu pozytywnej decyzji, ustalamy od kiedy rozpoczynamy nasz\u0105 wsp\u00f3\u0142prac\u0119\u00a0 p\u00f3\u017aniej \u0142apiesz wiatr w \u017cagle i ruszasz do dzia\u0142ania<\/p>\n\n    <section class=\"cta-section\" id=\"apply-section\">\n        <div class=\"container d-flex flex-column no-background-apply text-center justify-content-center\">\n            <div class=\"content background-apply m-lg-auto\">\n            \n                [contact-form-7 id=\"25805\" title=\"Formularz - landing\"]\n    \n                <div id=\"file-name\" class=\"text-center\"><\/div>\n            <\/div>\n        <\/div>\n    <\/section>\n   \n<h2>Masz pytania? Zadzwo\u0144 lub wy\u015blij wiadomo\u015b\u0107.<\/h2>\n<p>Jeste\u015bmy dost\u0119pni od poniedzia\u0142ku do pi\u0105tku w godzinach od 8:00 do 16:00.<\/p>\n<p style=\"text-align: center;\"><a href=\"https:\/\/www.eurokadra.com\/kontakt\/\"><br \/>\nNapisz wiadomo\u015b\u0107<br \/>\n<\/a><\/p>\n","protected":false},"excerpt":{"rendered":"<p>Rekrutuj z nami Na Freelansie Je\u015bli marzysz o pracy, kt\u00f3ra zapewni Ci niezale\u017cno\u015b\u0107, satysfakcj\u0119 zawodow\u0105 i szans\u0119 na rozw\u00f3j, to praca jako Rekruter Freelancer jest [&hellip;]<\/p>\n","protected":false},"author":14,"featured_media":0,"parent":0,"menu_order":0,"comment_status":"closed","ping_status":"closed","template":"tpl-freelancer.php","meta":{"_acf_changed":false,"footnotes":""},"class_list":["post-26372","page","type-page","status-publish","hentry"],"acf":[],"_links":{"self":[{"href":"https:\/\/www.eurokadra.com\/de\/wp-json\/wp\/v2\/pages\/26372","targetHints":{"allow":["GET"]}}],"collection":[{"href":"https:\/\/www.eurokadra.com\/de\/wp-json\/wp\/v2\/pages"}],"about":[{"href":"https:\/\/www.eurokadra.com\/de\/wp-json\/wp\/v2\/types\/page"}],"author":[{"embeddable":true,"href":"https:\/\/www.eurokadra.com\/de\/wp-json\/wp\/v2\/users\/14"}],"replies":[{"embeddable":true,"href":"https:\/\/www.eurokadra.com\/de\/wp-json\/wp\/v2\/comments?post=26372"}],"version-history":[{"count":23,"href":"https:\/\/www.eurokadra.com\/de\/wp-json\/wp\/v2\/pages\/26372\/revisions"}],"predecessor-version":[{"id":53814,"href":"https:\/\/www.eurokadra.com\/de\/wp-json\/wp\/v2\/pages\/26372\/revisions\/53814"}],"wp:attachment":[{"href":"https:\/\/www.eurokadra.com\/de\/wp-json\/wp\/v2\/media?parent=26372"}],"curies":[{"name":"wp","href":"https:\/\/api.w.org\/{rel}","templated":true}]}}